{"id":162,"date":"2025-01-19T13:59:16","date_gmt":"2025-01-19T12:59:16","guid":{"rendered":"https:\/\/www.cine17.ch\/?page_id=162"},"modified":"2025-03-20T11:00:14","modified_gmt":"2025-03-20T10:00:14","slug":"impressum-cine-17","status":"publish","type":"page","link":"https:\/\/www.cine17.ch\/?page_id=162","title":{"rendered":"Impressum &#8211; Cin\u00e9 17"},"content":{"rendered":"<table border=\"0\" width=\"660\" cellspacing=\"15\">\n<tbody>\n<tr>\n<td class=\"GrosTitreVerdana\"><span class=\"SmallTitreVerdana\">IMPRESSUM<\/span><\/td>\n<\/tr>\n<tr>\n<td valign=\"top\" width=\"564\"><span class=\"bouton\">Adresse<\/span><br \/>\nCin\u00e9 17<br \/>\nproCITEL SA<br \/>\nRue de la Corraterie 17-19-21<br \/>\n1204 Gen\u00e8ve<\/td>\n<\/tr>\n<tr>\n<td><span class=\"bouton\">Contact<\/span><br \/>\nT\u00e9l\u00e9phone: +41 22 312 17 17<br \/>\nEmail: <a href=\"mailto:direction@cine17.ch\">direction@cine17.ch<\/a><\/td>\n<\/tr>\n<tr>\n<td><span class=\"bouton\">Personnes responsables<\/span><br \/>\n<span class=\"texteStandardGras\">Didier Zuchuat<\/span> | administrateur-pr\u00e9sident<br \/>\n<span class=\"texteStandardGras\">Sylvain Pr\u00e9vos<\/span>t | administrateur<br \/>\n<span class=\"texteStandardGras\">Jamal Zeinal-Zad\u00e9<\/span>\u00a0| administrateur<br \/>\n<span class=\"texteStandardGras\">Fr\u00e9d\u00e9ric Jeanneret<\/span> | responsable de l\u2019accueil et du bar<\/td>\n<\/tr>\n<tr>\n<td><span class=\"bouton\">Registre Suisse du Commerce<\/span><br \/>\nRaison sociale de la soci\u00e9t\u00e9 d\u2018exploitation: proCITEL SA, Corraterie 17-19-21, 1204 Gen\u00e8ve<br \/>\nN\u00b0 d\u2018identification: CHE-405.037.389 RC\/TVA<\/td>\n<\/tr>\n<tr>\n<td><span class=\"bouton\">Coordonn\u00e9es bancaires<\/span><br \/>\n<span class=\"texteStandardGras\">Banque<\/span> | Credit Suisse<br \/>\n<span class=\"texteStandardGras\">Titulaire du compte<\/span> | proCITEL SA<br \/>\nCompte N\u00b0: 1551528-71<br \/>\nIBAN: CH56 0483 5155 1528 7100 0<br \/>\nBIC: CRESCHZZ80A<\/td>\n<\/tr>\n<tr>\n<td><span class=\"bouton\">R\u00e9daction des textes et traductions<\/span><br \/>\nDidier Zuchuat pour proCITEL SA<br \/>\n<a href=\"mailto:dzuchuat@deckpoint.ch\">dzuchuat@icloud.com<\/a><\/td>\n<\/tr>\n<tr>\n<td><span class=\"bouton\">Concept, design et mise \u00e0 jour du site<\/span><br \/>\nPatricia Ja\u00efs et Nicolas Buchs<br \/>\n<a href=\"mailto:dzuchuat@deckpoint.ch\">info@buchs.com<\/a><\/td>\n<\/tr>\n<tr>\n<td><span class=\"bouton\">Droit d&rsquo;auteur et droit des marques<\/span><br \/>\nTous droits r\u00e9serv\u00e9s. Le contenu et la structure du site sont prot\u00e9g\u00e9s par les droits d&rsquo;auteur et voisins. Toute reproduction de visuels, logotypes, graphiques, fichiers audiovisuels et textes dans d&rsquo;autres publications \u00e9lectroniques ou imprim\u00e9es sont soumises \u00e0 l\u2019autorisation des ayants droits.<\/td>\n<\/tr>\n<\/tbody>\n<\/table>\n","protected":false},"excerpt":{"rendered":"<p>IMPRESSUM Adresse Cin\u00e9 17 proCITEL SA Rue de la Corraterie 17-19-21 1204 Gen\u00e8ve Contact T\u00e9l\u00e9phone: +41 22 312 17 17 Email: direction@cine17.ch Personnes responsables Didier Zuchuat | administrateur-pr\u00e9sident Sylvain Pr\u00e9vost | administrateur Jamal Zeinal-Zad\u00e9\u00a0| administrateur Fr\u00e9d\u00e9ric Jeanneret | responsable de l\u2019accueil et du bar Registre Suisse du Commerce Raison sociale de la soci\u00e9t\u00e9 d\u2018exploitation: proCITEL <a class=\"btn btn-success btn-sm\" href=\"https:\/\/www.cine17.ch\/?page_id=162\">Read More&#8230;<\/a><\/p>\n","protected":false},"author":1,"featured_media":0,"parent":0,"menu_order":0,"comment_status":"closed","ping_status":"closed","template":"","meta":{"_acf_changed":false,"footnotes":""},"class_list":["post-162","page","type-page","status-publish","hentry"],"acf":[],"_links":{"self":[{"href":"https:\/\/www.cine17.ch\/index.php?rest_route=\/wp\/v2\/pages\/162","targetHints":{"allow":["GET"]}}],"collection":[{"href":"https:\/\/www.cine17.ch\/index.php?rest_route=\/wp\/v2\/pages"}],"about":[{"href":"https:\/\/www.cine17.ch\/index.php?rest_route=\/wp\/v2\/types\/page"}],"author":[{"embeddable":true,"href":"https:\/\/www.cine17.ch\/index.php?rest_route=\/wp\/v2\/users\/1"}],"replies":[{"embeddable":true,"href":"https:\/\/www.cine17.ch\/index.php?rest_route=%2Fwp%2Fv2%2Fcomments&post=162"}],"version-history":[{"count":5,"href":"https:\/\/www.cine17.ch\/index.php?rest_route=\/wp\/v2\/pages\/162\/revisions"}],"predecessor-version":[{"id":656,"href":"https:\/\/www.cine17.ch\/index.php?rest_route=\/wp\/v2\/pages\/162\/revisions\/656"}],"wp:attachment":[{"href":"https:\/\/www.cine17.ch\/index.php?rest_route=%2Fwp%2Fv2%2Fmedia&parent=162"}],"curies":[{"name":"wp","href":"https:\/\/api.w.org\/{rel}","templated":true}]}}