{"id":152,"date":"2025-01-18T12:57:27","date_gmt":"2025-01-18T11:57:27","guid":{"rendered":"https:\/\/www.cine17.ch\/?page_id=152"},"modified":"2025-03-20T11:01:18","modified_gmt":"2025-03-20T10:01:18","slug":"impressum","status":"publish","type":"page","link":"https:\/\/www.cine17.ch\/?page_id=152","title":{"rendered":"Impressum &#8211; CINERAMA EMPIRE"},"content":{"rendered":"<div id=\"mainContent\">\n<table border=\"0\" width=\"660\" cellspacing=\"15\">\n<tbody>\n<tr>\n<td class=\"GrosTitreVerdana\">Impressum<\/td>\n<\/tr>\n<tr>\n<td valign=\"top\" width=\"564\"><span class=\"horaireOrange\">Adresse<\/span><br \/>\n<span class=\"texteStandard\">CINERAMA EMPIRE<br \/>\nRue de Carouge 72-74<br \/>\n1205 Gen\u00e8ve<br \/>\n<a href=\"http:\/\/www.cinerama-empire.ch\">www.cinerama-empire.ch<\/a><\/span><\/td>\n<\/tr>\n<tr>\n<td class=\"texteStandard\"><span class=\"horaireOrange\">Contact<\/span><br \/>\nT\u00e9l\u00e9phone: +41 22 310 72 74<br \/>\nEmail: <a href=\"mailto:administration@cinerama-empire.ch\">administration@cinerama-empire.ch<\/a><\/td>\n<\/tr>\n<tr>\n<td class=\"texteStandard\"><span class=\"horaireOrange\">Soci\u00e9t\u00e9 d&rsquo;exploitation<\/span><br \/>\n<span class=\"texteStandardGras\">proCITEL SA <\/span>&#8211; Rue la Corraterie 17-19-21 &#8211; 1204 Gen\u00e8ve<br \/>\n<span class=\"horaireOrange\">Responsables<\/span><br \/>\n<span class=\"texteStandardGras\">Didier Zuchuat<\/span> | administrateur-pr\u00e9sident<br \/>\n<span class=\"texteStandardGras\">Sylvain Pr\u00e9vos<\/span>t | administrateur<br \/>\n<span class=\"texteStandardGras\">Jamal Zeinal-Zad\u00e9<\/span> | administrateur<br \/>\n<span class=\"texteStandardGras\">Fr\u00e9d\u00e9ric Jeanneret<\/span> | responsable de l\u2019accueil et du bar<\/td>\n<\/tr>\n<tr>\n<td class=\"texteStandard\"><span class=\"horaireOrange\">Registre Suisse du Commerce<\/span><br \/>\nRaison sociale de la soci\u00e9t\u00e9 d\u2018exploitation: proCITEL SA<br \/>\nN\u00b0 d\u2018identification: CHE-405.037.389 RC\/TVA<\/td>\n<\/tr>\n<tr>\n<td class=\"texteStandard\" valign=\"top\"><span class=\"horaireOrange\">Coordonn\u00e9es bancaires<\/span><br \/>\n<span class=\"texteStandardGras\">Banque<\/span> | Credit Suisse<br \/>\n<span class=\"texteStandardGras\">Titulaire du compte<\/span> | proCITEL SA<br \/>\nCompte N\u00b0: 1551528-71<br \/>\nIBAN: CH56 0483 5155 1528 7100 0<br \/>\nBIC: CRESCHZZ80A<\/td>\n<\/tr>\n<tr>\n<td class=\"texteStandard\" valign=\"top\"><span class=\"horaireOrange\">R\u00e9daction des textes et traductions<\/span><br \/>\nDidier Zuchuat pour proCITEL SA<br \/>\n<a href=\"mailto:dzuchuat@deckpoint.ch\">dzuchuat@icloud.com<\/a><\/td>\n<\/tr>\n<tr>\n<td class=\"texteStandard\"><span class=\"horaireOrange\">Concept, design et mise \u00e0 jour du site<\/span><br \/>\nPatricia Ja\u00efs et Nicolas Buchs<br \/>\n<a href=\"mailto:pjais@stratosphere.ch\">info@buchs.com<\/a><\/td>\n<\/tr>\n<tr>\n<td class=\"texteStandard\"><span class=\"horaireOrange\">Droit d&rsquo;auteur et droit des marques<\/span><br \/>\nTous droits r\u00e9serv\u00e9s. Le contenu et la structure du site sont prot\u00e9g\u00e9s par les droits d&rsquo;auteur et voisins. Toute reproduction de visuels, logotypes, graphiques, fichiers audiovisuels et textes dans d&rsquo;autres publications \u00e9lectroniques ou imprim\u00e9es sont soumises \u00e0 l\u2019autorisation des ayants droits.<\/td>\n<\/tr>\n<\/tbody>\n<\/table>\n<p><!-- fin de #mainContent --><\/p>\n<\/div>\n","protected":false},"excerpt":{"rendered":"<p>Impressum Adresse CINERAMA EMPIRE Rue de Carouge 72-74 1205 Gen\u00e8ve www.cinerama-empire.ch Contact T\u00e9l\u00e9phone: +41 22 310 72 74 Email: administration@cinerama-empire.ch Soci\u00e9t\u00e9 d&rsquo;exploitation proCITEL SA &#8211; Rue la Corraterie 17-19-21 &#8211; 1204 Gen\u00e8ve Responsables Didier Zuchuat | administrateur-pr\u00e9sident Sylvain Pr\u00e9vost | administrateur Jamal Zeinal-Zad\u00e9 | administrateur Fr\u00e9d\u00e9ric Jeanneret | responsable de l\u2019accueil et du bar Registre <a class=\"btn btn-success btn-sm\" href=\"https:\/\/www.cine17.ch\/?page_id=152\">Read More&#8230;<\/a><\/p>\n","protected":false},"author":1,"featured_media":0,"parent":0,"menu_order":0,"comment_status":"closed","ping_status":"closed","template":"","meta":{"_acf_changed":false,"footnotes":""},"class_list":["post-152","page","type-page","status-publish","hentry"],"acf":[],"_links":{"self":[{"href":"https:\/\/www.cine17.ch\/index.php?rest_route=\/wp\/v2\/pages\/152","targetHints":{"allow":["GET"]}}],"collection":[{"href":"https:\/\/www.cine17.ch\/index.php?rest_route=\/wp\/v2\/pages"}],"about":[{"href":"https:\/\/www.cine17.ch\/index.php?rest_route=\/wp\/v2\/types\/page"}],"author":[{"embeddable":true,"href":"https:\/\/www.cine17.ch\/index.php?rest_route=\/wp\/v2\/users\/1"}],"replies":[{"embeddable":true,"href":"https:\/\/www.cine17.ch\/index.php?rest_route=%2Fwp%2Fv2%2Fcomments&post=152"}],"version-history":[{"count":7,"href":"https:\/\/www.cine17.ch\/index.php?rest_route=\/wp\/v2\/pages\/152\/revisions"}],"predecessor-version":[{"id":657,"href":"https:\/\/www.cine17.ch\/index.php?rest_route=\/wp\/v2\/pages\/152\/revisions\/657"}],"wp:attachment":[{"href":"https:\/\/www.cine17.ch\/index.php?rest_route=%2Fwp%2Fv2%2Fmedia&parent=152"}],"curies":[{"name":"wp","href":"https:\/\/api.w.org\/{rel}","templated":true}]}}